{"id":2,"date":"2016-09-14T22:07:16","date_gmt":"2016-09-14T22:07:16","guid":{"rendered":"http:\/\/sikk2004.hu\/?page_id=2"},"modified":"2026-01-01T10:06:50","modified_gmt":"2026-01-01T10:06:50","slug":"main","status":"publish","type":"page","link":"http:\/\/sikk2004.hu\/index.php\/main\/","title":{"rendered":"F\u0151 oldal"},"content":{"rendered":"\n<p><strong>Tisztelt \u00c9RDEKL\u0150D\u0150K!<\/strong><\/p>\n\n\n\n<p>2026. janu\u00e1r 1-vel v\u00e1ltoztak \u00f3rad\u00edjaink<\/p>\n\n\n\n<p>A HAT\u00d3S\u00c1GI D\u00cdJAKBAN jelent\u0151s d\u00edjemel\u00e9s t\u00f6rt\u00e9nt, 2024. febru\u00e1r 3-i nappal, 2026-ban m\u00e9g nem kaptunk t\u00e1j\u00e9koztat\u00e1st d\u00edjemel\u00e9sr\u0151l.<\/p>\n\n\n\n<p>Ezeket az \u00f6sszegeket Iskol\u00e1nk megb\u00edz\u00e1sb\u00f3l szedi be \u00e9s utalja \u00e1t a KAV sz\u00e1m\u00e1ra.<\/p>\n\n\n\n<p>A HAT\u00d3S\u00c1G D\u00cdJAI az al\u00e1bbi webhelyen ker\u00fcltek k\u00f6zz\u00e9t\u00e9telre:<\/p>\n\n\n\n<figure class=\"wp-block-embed\"><div class=\"wp-block-embed__wrapper\">\nhttps:\/\/vizsgakozpont.hu\/kozut\/kozuti-dijtablazat_2024\n<\/div><\/figure>\n\n\n\n<p><strong>A v\u00e1ltoz\u00e1sokat az al\u00e1bb k\u00f6zz\u00e9tett, &nbsp;k\u00e9pz\u00e9si kateg\u00f3ri\u00e1kra vonatkoz\u00f3 2024-es T\u00c1J\u00c9KOZTAT\u00d3INKBAN szerepeltetj\u00fck.<\/strong><\/p>\n\n\n<a href=\"http:\/\/sikk2004.hu\/wp-content\/uploads\/2024\/01\/Felugyeleti-szerveink-2.pdf\" class=\"pdfemb-viewer\" style=\"\" data-width=\"max\" data-height=\"max\" data-toolbar=\"bottom\" data-toolbar-fixed=\"off\">Felugyeleti-szerveink-2<\/a>\n<p class=\"wp-block-pdfemb-pdf-embedder-viewer\"><\/p>\n\n\n<a href=\"http:\/\/sikk2004.hu\/wp-content\/uploads\/2024\/01\/SIKK-Tajekoztato-AM-kategoriahoz-2024-febr.pdf\" class=\"pdfemb-viewer\" style=\"\" data-width=\"max\" data-height=\"max\" data-toolbar=\"bottom\" data-toolbar-fixed=\"off\">SIKK-Tajekoztato-AM-kategoriahoz-2024-febr<\/a>\n<p class=\"wp-block-pdfemb-pdf-embedder-viewer\"><\/p>\n\n\n<a href=\"http:\/\/sikk2004.hu\/wp-content\/uploads\/2024\/01\/SIKK-Uj-Tajekoztato-A-kategoriahoz-2024-febr.pdf\" class=\"pdfemb-viewer\" style=\"\" data-width=\"max\" data-height=\"max\" data-toolbar=\"bottom\" data-toolbar-fixed=\"off\">SIKK-Uj-Tajekoztato-A-kategoriahoz-2024-febr<\/a>\n<p class=\"wp-block-pdfemb-pdf-embedder-viewer\"><\/p>\n\n\n<a href=\"http:\/\/sikk2004.hu\/wp-content\/uploads\/2024\/01\/SIKK-Uj-Tajekoztato-A1-kategoriahoz-2024-febr.pdf\" class=\"pdfemb-viewer\" style=\"\" data-width=\"max\" data-height=\"max\" data-toolbar=\"bottom\" data-toolbar-fixed=\"off\">SIKK-Uj-Tajekoztato-A1-kategoriahoz-2024-febr<\/a>\n<p class=\"wp-block-pdfemb-pdf-embedder-viewer\"><\/p>\n\n\n<a href=\"http:\/\/sikk2004.hu\/wp-content\/uploads\/2024\/01\/SIKK-Uj-Tajekoztato-A2-kategoriahoz-2024-febr.pdf\" class=\"pdfemb-viewer\" style=\"\" data-width=\"max\" data-height=\"max\" data-toolbar=\"bottom\" data-toolbar-fixed=\"off\">SIKK-Uj-Tajekoztato-A2-kategoriahoz-2024-febr<\/a>\n<p class=\"wp-block-pdfemb-pdf-embedder-viewer\"><\/p>\n\n\n<a href=\"http:\/\/sikk2004.hu\/wp-content\/uploads\/2024\/01\/SIKK-Uj-Tajekoztato-B-kategoriahoz-2024-febr.pdf\" class=\"pdfemb-viewer\" style=\"\" data-width=\"max\" data-height=\"max\" data-toolbar=\"bottom\" data-toolbar-fixed=\"off\">SIKK-Uj-Tajekoztato-B-kategoriahoz-2024-febr<\/a>\n<p class=\"wp-block-pdfemb-pdf-embedder-viewer\"><\/p>\n\n\n\n<p><\/p>\n\n\n<figure class=\"wp-block-image\"><img data-recalc-dims=\"1\" loading=\"lazy\" decoding=\"async\" data-attachment-id=\"320\" data-permalink=\"http:\/\/sikk2004.hu\/index.php\/main\/20200318pjpg_page1\/\" data-orig-file=\"https:\/\/i0.wp.com\/sikk2004.hu\/wp-content\/uploads\/2020\/03\/20200318pjpg_Page1.jpg?fit=1240%2C1754\" data-orig-size=\"1240,1754\" data-comments-opened=\"0\" data-image-meta=\"{&quot;aperture&quot;:&quot;0&quot;,&quot;credit&quot;:&quot;&quot;,&quot;camera&quot;:&quot;&quot;,&quot;caption&quot;:&quot;&quot;,&quot;created_timestamp&quot;:&quot;0&quot;,&quot;copyright&quot;:&quot;&quot;,&quot;focal_length&quot;:&quot;0&quot;,&quot;iso&quot;:&quot;0&quot;,&quot;shutter_speed&quot;:&quot;0&quot;,&quot;title&quot;:&quot;&quot;,&quot;orientation&quot;:&quot;0&quot;}\" data-image-title=\"20200318pjpg_Page1\" data-image-description=\"\" data-image-caption=\"\" data-medium-file=\"https:\/\/i0.wp.com\/sikk2004.hu\/wp-content\/uploads\/2020\/03\/20200318pjpg_Page1.jpg?fit=212%2C300\" data-large-file=\"https:\/\/i0.wp.com\/sikk2004.hu\/wp-content\/uploads\/2020\/03\/20200318pjpg_Page1.jpg?fit=724%2C1024\" tabindex=\"0\" role=\"button\" class=\"alignnone  wp-image-320\" src=\"https:\/\/i0.wp.com\/sikk2004.hu\/wp-content\/uploads\/2020\/03\/20200318pjpg_Page1.jpg?resize=840%2C1189\" alt=\"\" width=\"840\" height=\"1189\" srcset=\"https:\/\/i0.wp.com\/sikk2004.hu\/wp-content\/uploads\/2020\/03\/20200318pjpg_Page1.jpg?resize=212%2C300 212w, https:\/\/i0.wp.com\/sikk2004.hu\/wp-content\/uploads\/2020\/03\/20200318pjpg_Page1.jpg?resize=724%2C1024 724w, https:\/\/i0.wp.com\/sikk2004.hu\/wp-content\/uploads\/2020\/03\/20200318pjpg_Page1.jpg?resize=768%2C1086 768w, https:\/\/i0.wp.com\/sikk2004.hu\/wp-content\/uploads\/2020\/03\/20200318pjpg_Page1.jpg?resize=1086%2C1536 1086w, https:\/\/i0.wp.com\/sikk2004.hu\/wp-content\/uploads\/2020\/03\/20200318pjpg_Page1.jpg?resize=1200%2C1697 1200w, https:\/\/i0.wp.com\/sikk2004.hu\/wp-content\/uploads\/2020\/03\/20200318pjpg_Page1.jpg?w=1240 1240w\" sizes=\"(max-width: 709px) 85vw, (max-width: 909px) 67vw, (max-width: 1362px) 62vw, 840px\" \/><\/figure>\n<h1>\u00a0<\/h1>\n<h1>\u00dcdv\u00f6z\u00f6lj\u00fck a SIKK2004. KFT. honlapj\u00e1n<\/h1>\n<p>Folyamatosan indulnak tanfolyamok moped, A1, A-korl, A \u00e9s B kateg\u00f3ri\u00e1ban<\/p>","protected":false},"excerpt":{"rendered":"<p>Tisztelt \u00c9RDEKL\u0150D\u0150K! 2026. janu\u00e1r 1-vel v\u00e1ltoztak \u00f3rad\u00edjaink A HAT\u00d3S\u00c1GI D\u00cdJAKBAN jelent\u0151s d\u00edjemel\u00e9s t\u00f6rt\u00e9nt, 2024. febru\u00e1r 3-i nappal, 2026-ban m\u00e9g nem kaptunk t\u00e1j\u00e9koztat\u00e1st d\u00edjemel\u00e9sr\u0151l. Ezeket az \u00f6sszegeket Iskol\u00e1nk megb\u00edz\u00e1sb\u00f3l szedi be \u00e9s utalja \u00e1t a KAV sz\u00e1m\u00e1ra. A HAT\u00d3S\u00c1G D\u00cdJAI az al\u00e1bbi webhelyen ker\u00fcltek k\u00f6zz\u00e9t\u00e9telre: A v\u00e1ltoz\u00e1sokat az al\u00e1bb k\u00f6zz\u00e9tett, &nbsp;k\u00e9pz\u00e9si kateg\u00f3ri\u00e1kra vonatkoz\u00f3 2024-es T\u00c1J\u00c9KOZTAT\u00d3INKBAN szerepeltetj\u00fck. &hellip; <a href=\"http:\/\/sikk2004.hu\/index.php\/main\/\" class=\"more-link\"><span class=\"screen-reader-text\">&#8222;F\u0151 oldal&#8221;<\/span> b\u0151vebben<\/a><\/p>\n","protected":false},"author":1,"featured_media":0,"parent":0,"menu_order":0,"comment_status":"closed","ping_status":"closed","template":"","meta":{"jetpack_post_was_ever_published":false,"footnotes":""},"jetpack_sharing_enabled":true,"jetpack_shortlink":"https:\/\/wp.me\/P9u18y-2","jetpack_likes_enabled":true,"jetpack-related-posts":[],"_links":{"self":[{"href":"http:\/\/sikk2004.hu\/index.php\/wp-json\/wp\/v2\/pages\/2"}],"collection":[{"href":"http:\/\/sikk2004.hu\/index.php\/wp-json\/wp\/v2\/pages"}],"about":[{"href":"http:\/\/sikk2004.hu\/index.php\/wp-json\/wp\/v2\/types\/page"}],"author":[{"embeddable":true,"href":"http:\/\/sikk2004.hu\/index.php\/wp-json\/wp\/v2\/users\/1"}],"replies":[{"embeddable":true,"href":"http:\/\/sikk2004.hu\/index.php\/wp-json\/wp\/v2\/comments?post=2"}],"version-history":[{"count":12,"href":"http:\/\/sikk2004.hu\/index.php\/wp-json\/wp\/v2\/pages\/2\/revisions"}],"predecessor-version":[{"id":642,"href":"http:\/\/sikk2004.hu\/index.php\/wp-json\/wp\/v2\/pages\/2\/revisions\/642"}],"wp:attachment":[{"href":"http:\/\/sikk2004.hu\/index.php\/wp-json\/wp\/v2\/media?parent=2"}],"curies":[{"name":"wp","href":"https:\/\/api.w.org\/{rel}","templated":true}]}}