{"id":192,"date":"2019-02-11T14:27:17","date_gmt":"2019-02-11T14:27:17","guid":{"rendered":"http:\/\/sikk2004.hu\/?page_id=192"},"modified":"2025-03-02T20:21:47","modified_gmt":"2025-03-02T20:21:47","slug":"tajekoztatok","status":"publish","type":"page","link":"http:\/\/sikk2004.hu\/index.php\/tajekoztatok\/","title":{"rendered":"T\u00e1j\u00e9koztat\u00f3k"},"content":{"rendered":"<a href=\"http:\/\/sikk2004.hu\/wp-content\/uploads\/2025\/03\/TAJEKOZTATO-20250307-jav.pdf\" class=\"pdfemb-viewer\" style=\"\" data-width=\"max\" data-height=\"max\" data-toolbar=\"bottom\" data-toolbar-fixed=\"off\">TAJEKOZTATO-20250307-jav<\/a>\n\n\n<figure class=\"wp-block-gallery has-nested-images columns-default is-cropped wp-block-gallery-1 is-layout-flex wp-block-gallery-is-layout-flex\">\n<figure class=\"wp-block-image size-large\"><img data-recalc-dims=\"1\" loading=\"lazy\" decoding=\"async\" width=\"724\" height=\"1024\" data-attachment-id=\"621\" data-permalink=\"http:\/\/sikk2004.hu\/index.php\/tajekoztatok\/tajekoztato-20250307-jav-0001\/\" data-orig-file=\"https:\/\/i0.wp.com\/sikk2004.hu\/wp-content\/uploads\/2025\/03\/TAJEKOZTATO-20250307-jav-0001.jpg?fit=1240%2C1754\" data-orig-size=\"1240,1754\" data-comments-opened=\"0\" data-image-meta=\"{&quot;aperture&quot;:&quot;0&quot;,&quot;credit&quot;:&quot;&quot;,&quot;camera&quot;:&quot;&quot;,&quot;caption&quot;:&quot;&quot;,&quot;created_timestamp&quot;:&quot;0&quot;,&quot;copyright&quot;:&quot;&quot;,&quot;focal_length&quot;:&quot;0&quot;,&quot;iso&quot;:&quot;0&quot;,&quot;shutter_speed&quot;:&quot;0&quot;,&quot;title&quot;:&quot;&quot;,&quot;orientation&quot;:&quot;0&quot;}\" data-image-title=\"TAJEKOZTATO-20250307-jav-0001\" data-image-description=\"\" data-image-caption=\"\" data-medium-file=\"https:\/\/i0.wp.com\/sikk2004.hu\/wp-content\/uploads\/2025\/03\/TAJEKOZTATO-20250307-jav-0001.jpg?fit=212%2C300\" data-large-file=\"https:\/\/i0.wp.com\/sikk2004.hu\/wp-content\/uploads\/2025\/03\/TAJEKOZTATO-20250307-jav-0001.jpg?fit=724%2C1024\" tabindex=\"0\" role=\"button\" data-id=\"621\" src=\"https:\/\/i0.wp.com\/sikk2004.hu\/wp-content\/uploads\/2025\/03\/TAJEKOZTATO-20250307-jav-0001.jpg?resize=724%2C1024\" alt=\"\" class=\"wp-image-621\" srcset=\"https:\/\/i0.wp.com\/sikk2004.hu\/wp-content\/uploads\/2025\/03\/TAJEKOZTATO-20250307-jav-0001.jpg?resize=724%2C1024 724w, https:\/\/i0.wp.com\/sikk2004.hu\/wp-content\/uploads\/2025\/03\/TAJEKOZTATO-20250307-jav-0001.jpg?resize=212%2C300 212w, https:\/\/i0.wp.com\/sikk2004.hu\/wp-content\/uploads\/2025\/03\/TAJEKOZTATO-20250307-jav-0001.jpg?resize=768%2C1086 768w, https:\/\/i0.wp.com\/sikk2004.hu\/wp-content\/uploads\/2025\/03\/TAJEKOZTATO-20250307-jav-0001.jpg?resize=1086%2C1536 1086w, https:\/\/i0.wp.com\/sikk2004.hu\/wp-content\/uploads\/2025\/03\/TAJEKOZTATO-20250307-jav-0001.jpg?resize=1200%2C1697 1200w, https:\/\/i0.wp.com\/sikk2004.hu\/wp-content\/uploads\/2025\/03\/TAJEKOZTATO-20250307-jav-0001.jpg?w=1240 1240w\" sizes=\"(max-width: 724px) 85vw, 724px\" \/><\/figure>\n\n\n\n<figure class=\"wp-block-image size-large\"><img data-recalc-dims=\"1\" loading=\"lazy\" decoding=\"async\" width=\"724\" height=\"1024\" data-attachment-id=\"625\" data-permalink=\"http:\/\/sikk2004.hu\/index.php\/tajekoztatok\/tajekoztato-20250307-jav-0002\/\" data-orig-file=\"https:\/\/i0.wp.com\/sikk2004.hu\/wp-content\/uploads\/2025\/03\/TAJEKOZTATO-20250307-jav-0002.jpg?fit=1240%2C1754\" data-orig-size=\"1240,1754\" data-comments-opened=\"0\" data-image-meta=\"{&quot;aperture&quot;:&quot;0&quot;,&quot;credit&quot;:&quot;&quot;,&quot;camera&quot;:&quot;&quot;,&quot;caption&quot;:&quot;&quot;,&quot;created_timestamp&quot;:&quot;0&quot;,&quot;copyright&quot;:&quot;&quot;,&quot;focal_length&quot;:&quot;0&quot;,&quot;iso&quot;:&quot;0&quot;,&quot;shutter_speed&quot;:&quot;0&quot;,&quot;title&quot;:&quot;&quot;,&quot;orientation&quot;:&quot;0&quot;}\" data-image-title=\"TAJEKOZTATO-20250307-jav-0002\" data-image-description=\"\" data-image-caption=\"\" data-medium-file=\"https:\/\/i0.wp.com\/sikk2004.hu\/wp-content\/uploads\/2025\/03\/TAJEKOZTATO-20250307-jav-0002.jpg?fit=212%2C300\" data-large-file=\"https:\/\/i0.wp.com\/sikk2004.hu\/wp-content\/uploads\/2025\/03\/TAJEKOZTATO-20250307-jav-0002.jpg?fit=724%2C1024\" tabindex=\"0\" role=\"button\" data-id=\"625\" src=\"https:\/\/i0.wp.com\/sikk2004.hu\/wp-content\/uploads\/2025\/03\/TAJEKOZTATO-20250307-jav-0002.jpg?resize=724%2C1024\" alt=\"\" class=\"wp-image-625\" srcset=\"https:\/\/i0.wp.com\/sikk2004.hu\/wp-content\/uploads\/2025\/03\/TAJEKOZTATO-20250307-jav-0002.jpg?resize=724%2C1024 724w, https:\/\/i0.wp.com\/sikk2004.hu\/wp-content\/uploads\/2025\/03\/TAJEKOZTATO-20250307-jav-0002.jpg?resize=212%2C300 212w, https:\/\/i0.wp.com\/sikk2004.hu\/wp-content\/uploads\/2025\/03\/TAJEKOZTATO-20250307-jav-0002.jpg?resize=768%2C1086 768w, https:\/\/i0.wp.com\/sikk2004.hu\/wp-content\/uploads\/2025\/03\/TAJEKOZTATO-20250307-jav-0002.jpg?resize=1086%2C1536 1086w, https:\/\/i0.wp.com\/sikk2004.hu\/wp-content\/uploads\/2025\/03\/TAJEKOZTATO-20250307-jav-0002.jpg?resize=1200%2C1697 1200w, https:\/\/i0.wp.com\/sikk2004.hu\/wp-content\/uploads\/2025\/03\/TAJEKOZTATO-20250307-jav-0002.jpg?w=1240 1240w\" sizes=\"(max-width: 724px) 85vw, 724px\" \/><\/figure>\n\n\n\n<figure class=\"wp-block-image size-large\"><img data-recalc-dims=\"1\" loading=\"lazy\" decoding=\"async\" width=\"724\" height=\"1024\" data-attachment-id=\"626\" data-permalink=\"http:\/\/sikk2004.hu\/index.php\/tajekoztatok\/tajekoztato-20250307-jav-0003\/\" data-orig-file=\"https:\/\/i0.wp.com\/sikk2004.hu\/wp-content\/uploads\/2025\/03\/TAJEKOZTATO-20250307-jav-0003.jpg?fit=1240%2C1754\" data-orig-size=\"1240,1754\" data-comments-opened=\"0\" data-image-meta=\"{&quot;aperture&quot;:&quot;0&quot;,&quot;credit&quot;:&quot;&quot;,&quot;camera&quot;:&quot;&quot;,&quot;caption&quot;:&quot;&quot;,&quot;created_timestamp&quot;:&quot;0&quot;,&quot;copyright&quot;:&quot;&quot;,&quot;focal_length&quot;:&quot;0&quot;,&quot;iso&quot;:&quot;0&quot;,&quot;shutter_speed&quot;:&quot;0&quot;,&quot;title&quot;:&quot;&quot;,&quot;orientation&quot;:&quot;0&quot;}\" data-image-title=\"TAJEKOZTATO-20250307-jav-0003\" data-image-description=\"\" data-image-caption=\"\" data-medium-file=\"https:\/\/i0.wp.com\/sikk2004.hu\/wp-content\/uploads\/2025\/03\/TAJEKOZTATO-20250307-jav-0003.jpg?fit=212%2C300\" data-large-file=\"https:\/\/i0.wp.com\/sikk2004.hu\/wp-content\/uploads\/2025\/03\/TAJEKOZTATO-20250307-jav-0003.jpg?fit=724%2C1024\" tabindex=\"0\" role=\"button\" data-id=\"626\" src=\"https:\/\/i0.wp.com\/sikk2004.hu\/wp-content\/uploads\/2025\/03\/TAJEKOZTATO-20250307-jav-0003.jpg?resize=724%2C1024\" alt=\"\" class=\"wp-image-626\" srcset=\"https:\/\/i0.wp.com\/sikk2004.hu\/wp-content\/uploads\/2025\/03\/TAJEKOZTATO-20250307-jav-0003.jpg?resize=724%2C1024 724w, https:\/\/i0.wp.com\/sikk2004.hu\/wp-content\/uploads\/2025\/03\/TAJEKOZTATO-20250307-jav-0003.jpg?resize=212%2C300 212w, https:\/\/i0.wp.com\/sikk2004.hu\/wp-content\/uploads\/2025\/03\/TAJEKOZTATO-20250307-jav-0003.jpg?resize=768%2C1086 768w, https:\/\/i0.wp.com\/sikk2004.hu\/wp-content\/uploads\/2025\/03\/TAJEKOZTATO-20250307-jav-0003.jpg?resize=1086%2C1536 1086w, https:\/\/i0.wp.com\/sikk2004.hu\/wp-content\/uploads\/2025\/03\/TAJEKOZTATO-20250307-jav-0003.jpg?resize=1200%2C1697 1200w, https:\/\/i0.wp.com\/sikk2004.hu\/wp-content\/uploads\/2025\/03\/TAJEKOZTATO-20250307-jav-0003.jpg?w=1240 1240w\" sizes=\"(max-width: 724px) 85vw, 724px\" \/><\/figure>\n\n\n\n<figure class=\"wp-block-image size-large\"><img data-recalc-dims=\"1\" loading=\"lazy\" decoding=\"async\" width=\"724\" height=\"1024\" data-attachment-id=\"624\" data-permalink=\"http:\/\/sikk2004.hu\/index.php\/tajekoztatok\/tajekoztato-20250307-jav-0004\/\" data-orig-file=\"https:\/\/i0.wp.com\/sikk2004.hu\/wp-content\/uploads\/2025\/03\/TAJEKOZTATO-20250307-jav-0004.jpg?fit=1240%2C1754\" data-orig-size=\"1240,1754\" data-comments-opened=\"0\" data-image-meta=\"{&quot;aperture&quot;:&quot;0&quot;,&quot;credit&quot;:&quot;&quot;,&quot;camera&quot;:&quot;&quot;,&quot;caption&quot;:&quot;&quot;,&quot;created_timestamp&quot;:&quot;0&quot;,&quot;copyright&quot;:&quot;&quot;,&quot;focal_length&quot;:&quot;0&quot;,&quot;iso&quot;:&quot;0&quot;,&quot;shutter_speed&quot;:&quot;0&quot;,&quot;title&quot;:&quot;&quot;,&quot;orientation&quot;:&quot;0&quot;}\" data-image-title=\"TAJEKOZTATO-20250307-jav-0004\" data-image-description=\"\" data-image-caption=\"\" data-medium-file=\"https:\/\/i0.wp.com\/sikk2004.hu\/wp-content\/uploads\/2025\/03\/TAJEKOZTATO-20250307-jav-0004.jpg?fit=212%2C300\" data-large-file=\"https:\/\/i0.wp.com\/sikk2004.hu\/wp-content\/uploads\/2025\/03\/TAJEKOZTATO-20250307-jav-0004.jpg?fit=724%2C1024\" tabindex=\"0\" role=\"button\" data-id=\"624\" src=\"https:\/\/i0.wp.com\/sikk2004.hu\/wp-content\/uploads\/2025\/03\/TAJEKOZTATO-20250307-jav-0004.jpg?resize=724%2C1024\" alt=\"\" class=\"wp-image-624\" srcset=\"https:\/\/i0.wp.com\/sikk2004.hu\/wp-content\/uploads\/2025\/03\/TAJEKOZTATO-20250307-jav-0004.jpg?resize=724%2C1024 724w, https:\/\/i0.wp.com\/sikk2004.hu\/wp-content\/uploads\/2025\/03\/TAJEKOZTATO-20250307-jav-0004.jpg?resize=212%2C300 212w, https:\/\/i0.wp.com\/sikk2004.hu\/wp-content\/uploads\/2025\/03\/TAJEKOZTATO-20250307-jav-0004.jpg?resize=768%2C1086 768w, https:\/\/i0.wp.com\/sikk2004.hu\/wp-content\/uploads\/2025\/03\/TAJEKOZTATO-20250307-jav-0004.jpg?resize=1086%2C1536 1086w, https:\/\/i0.wp.com\/sikk2004.hu\/wp-content\/uploads\/2025\/03\/TAJEKOZTATO-20250307-jav-0004.jpg?resize=1200%2C1697 1200w, https:\/\/i0.wp.com\/sikk2004.hu\/wp-content\/uploads\/2025\/03\/TAJEKOZTATO-20250307-jav-0004.jpg?w=1240 1240w\" sizes=\"(max-width: 724px) 85vw, 724px\" \/><\/figure>\n\n\n\n<figure class=\"wp-block-image size-large\"><img data-recalc-dims=\"1\" loading=\"lazy\" decoding=\"async\" width=\"724\" height=\"1024\" data-attachment-id=\"623\" data-permalink=\"http:\/\/sikk2004.hu\/index.php\/tajekoztatok\/tajekoztato-20250307-jav-0005\/\" data-orig-file=\"https:\/\/i0.wp.com\/sikk2004.hu\/wp-content\/uploads\/2025\/03\/TAJEKOZTATO-20250307-jav-0005.jpg?fit=1240%2C1754\" data-orig-size=\"1240,1754\" data-comments-opened=\"0\" data-image-meta=\"{&quot;aperture&quot;:&quot;0&quot;,&quot;credit&quot;:&quot;&quot;,&quot;camera&quot;:&quot;&quot;,&quot;caption&quot;:&quot;&quot;,&quot;created_timestamp&quot;:&quot;0&quot;,&quot;copyright&quot;:&quot;&quot;,&quot;focal_length&quot;:&quot;0&quot;,&quot;iso&quot;:&quot;0&quot;,&quot;shutter_speed&quot;:&quot;0&quot;,&quot;title&quot;:&quot;&quot;,&quot;orientation&quot;:&quot;0&quot;}\" data-image-title=\"TAJEKOZTATO-20250307-jav-0005\" data-image-description=\"\" data-image-caption=\"\" data-medium-file=\"https:\/\/i0.wp.com\/sikk2004.hu\/wp-content\/uploads\/2025\/03\/TAJEKOZTATO-20250307-jav-0005.jpg?fit=212%2C300\" data-large-file=\"https:\/\/i0.wp.com\/sikk2004.hu\/wp-content\/uploads\/2025\/03\/TAJEKOZTATO-20250307-jav-0005.jpg?fit=724%2C1024\" tabindex=\"0\" role=\"button\" data-id=\"623\" src=\"https:\/\/i0.wp.com\/sikk2004.hu\/wp-content\/uploads\/2025\/03\/TAJEKOZTATO-20250307-jav-0005.jpg?resize=724%2C1024\" alt=\"\" class=\"wp-image-623\" srcset=\"https:\/\/i0.wp.com\/sikk2004.hu\/wp-content\/uploads\/2025\/03\/TAJEKOZTATO-20250307-jav-0005.jpg?resize=724%2C1024 724w, https:\/\/i0.wp.com\/sikk2004.hu\/wp-content\/uploads\/2025\/03\/TAJEKOZTATO-20250307-jav-0005.jpg?resize=212%2C300 212w, https:\/\/i0.wp.com\/sikk2004.hu\/wp-content\/uploads\/2025\/03\/TAJEKOZTATO-20250307-jav-0005.jpg?resize=768%2C1086 768w, https:\/\/i0.wp.com\/sikk2004.hu\/wp-content\/uploads\/2025\/03\/TAJEKOZTATO-20250307-jav-0005.jpg?resize=1086%2C1536 1086w, https:\/\/i0.wp.com\/sikk2004.hu\/wp-content\/uploads\/2025\/03\/TAJEKOZTATO-20250307-jav-0005.jpg?resize=1200%2C1697 1200w, https:\/\/i0.wp.com\/sikk2004.hu\/wp-content\/uploads\/2025\/03\/TAJEKOZTATO-20250307-jav-0005.jpg?w=1240 1240w\" sizes=\"(max-width: 724px) 85vw, 724px\" \/><\/figure>\n\n\n\n<figure class=\"wp-block-image size-large\"><img data-recalc-dims=\"1\" loading=\"lazy\" decoding=\"async\" width=\"724\" height=\"1024\" data-attachment-id=\"622\" data-permalink=\"http:\/\/sikk2004.hu\/index.php\/tajekoztatok\/tajekoztato-20250307-jav-0006\/\" data-orig-file=\"https:\/\/i0.wp.com\/sikk2004.hu\/wp-content\/uploads\/2025\/03\/TAJEKOZTATO-20250307-jav-0006.jpg?fit=1240%2C1754\" data-orig-size=\"1240,1754\" data-comments-opened=\"0\" data-image-meta=\"{&quot;aperture&quot;:&quot;0&quot;,&quot;credit&quot;:&quot;&quot;,&quot;camera&quot;:&quot;&quot;,&quot;caption&quot;:&quot;&quot;,&quot;created_timestamp&quot;:&quot;0&quot;,&quot;copyright&quot;:&quot;&quot;,&quot;focal_length&quot;:&quot;0&quot;,&quot;iso&quot;:&quot;0&quot;,&quot;shutter_speed&quot;:&quot;0&quot;,&quot;title&quot;:&quot;&quot;,&quot;orientation&quot;:&quot;0&quot;}\" data-image-title=\"TAJEKOZTATO-20250307-jav-0006\" data-image-description=\"\" data-image-caption=\"\" data-medium-file=\"https:\/\/i0.wp.com\/sikk2004.hu\/wp-content\/uploads\/2025\/03\/TAJEKOZTATO-20250307-jav-0006.jpg?fit=212%2C300\" data-large-file=\"https:\/\/i0.wp.com\/sikk2004.hu\/wp-content\/uploads\/2025\/03\/TAJEKOZTATO-20250307-jav-0006.jpg?fit=724%2C1024\" tabindex=\"0\" role=\"button\" data-id=\"622\" src=\"https:\/\/i0.wp.com\/sikk2004.hu\/wp-content\/uploads\/2025\/03\/TAJEKOZTATO-20250307-jav-0006.jpg?resize=724%2C1024\" alt=\"\" class=\"wp-image-622\" srcset=\"https:\/\/i0.wp.com\/sikk2004.hu\/wp-content\/uploads\/2025\/03\/TAJEKOZTATO-20250307-jav-0006.jpg?resize=724%2C1024 724w, https:\/\/i0.wp.com\/sikk2004.hu\/wp-content\/uploads\/2025\/03\/TAJEKOZTATO-20250307-jav-0006.jpg?resize=212%2C300 212w, https:\/\/i0.wp.com\/sikk2004.hu\/wp-content\/uploads\/2025\/03\/TAJEKOZTATO-20250307-jav-0006.jpg?resize=768%2C1086 768w, https:\/\/i0.wp.com\/sikk2004.hu\/wp-content\/uploads\/2025\/03\/TAJEKOZTATO-20250307-jav-0006.jpg?resize=1086%2C1536 1086w, https:\/\/i0.wp.com\/sikk2004.hu\/wp-content\/uploads\/2025\/03\/TAJEKOZTATO-20250307-jav-0006.jpg?resize=1200%2C1697 1200w, https:\/\/i0.wp.com\/sikk2004.hu\/wp-content\/uploads\/2025\/03\/TAJEKOZTATO-20250307-jav-0006.jpg?w=1240 1240w\" sizes=\"(max-width: 724px) 85vw, 724px\" \/><\/figure>\n<\/figure>\n","protected":false},"excerpt":{"rendered":"","protected":false},"author":1,"featured_media":0,"parent":0,"menu_order":0,"comment_status":"closed","ping_status":"closed","template":"","meta":{"jetpack_post_was_ever_published":false,"footnotes":""},"jetpack_sharing_enabled":true,"jetpack_shortlink":"https:\/\/wp.me\/P9u18y-36","jetpack_likes_enabled":true,"jetpack-related-posts":[],"_links":{"self":[{"href":"http:\/\/sikk2004.hu\/index.php\/wp-json\/wp\/v2\/pages\/192"}],"collection":[{"href":"http:\/\/sikk2004.hu\/index.php\/wp-json\/wp\/v2\/pages"}],"about":[{"href":"http:\/\/sikk2004.hu\/index.php\/wp-json\/wp\/v2\/types\/page"}],"author":[{"embeddable":true,"href":"http:\/\/sikk2004.hu\/index.php\/wp-json\/wp\/v2\/users\/1"}],"replies":[{"embeddable":true,"href":"http:\/\/sikk2004.hu\/index.php\/wp-json\/wp\/v2\/comments?post=192"}],"version-history":[{"count":19,"href":"http:\/\/sikk2004.hu\/index.php\/wp-json\/wp\/v2\/pages\/192\/revisions"}],"predecessor-version":[{"id":620,"href":"http:\/\/sikk2004.hu\/index.php\/wp-json\/wp\/v2\/pages\/192\/revisions\/620"}],"wp:attachment":[{"href":"http:\/\/sikk2004.hu\/index.php\/wp-json\/wp\/v2\/media?parent=192"}],"curies":[{"name":"wp","href":"https:\/\/api.w.org\/{rel}","templated":true}]}}