{"id":133,"date":"2018-07-21T17:00:11","date_gmt":"2018-07-21T17:00:11","guid":{"rendered":"http:\/\/sikk2004.hu\/?page_id=133"},"modified":"2020-03-14T12:51:00","modified_gmt":"2020-03-14T12:51:00","slug":"kozlekedes-egeszsegugy-kepzes","status":"publish","type":"page","link":"http:\/\/sikk2004.hu\/index.php\/kozlekedes-egeszsegugy-kepzes\/","title":{"rendered":"K\u00f6zleked\u00e9s eg\u00e9szs\u00e9g\u00fcgy k\u00e9pz\u00e9s"},"content":{"rendered":"<p><strong>Aktu\u00e1lis inform\u00e1ci\u00f3 a k\u00f6zleked\u00e9s eg\u00e9szs\u00e9g\u00fcgy vizsg\u00e1k rendj\u00e9r\u0151l:<\/strong><\/p>\r\n<p><a href=\"https:\/\/pestmegyevoroskereszt.hu\/elsosegely\/informacio\" data-saferedirecturl=\"https:\/\/www.google.com\/url?q=https:\/\/pestmegyevoroskereszt.hu\/elsosegely\/informacio&amp;source=gmail&amp;ust=1584276578962000&amp;usg=AFQjCNHcqT5flRHCXY1SedVXLEHKh_dM6w\">https:\/\/pestmegyevoroskereszt.hu\/elsosegely\/informacio<\/a><\/p>\r\n\r\n<p>&nbsp;<\/p>\r\n","protected":false},"excerpt":{"rendered":"<p>Aktu\u00e1lis inform\u00e1ci\u00f3 a k\u00f6zleked\u00e9s eg\u00e9szs\u00e9g\u00fcgy vizsg\u00e1k rendj\u00e9r\u0151l: https:\/\/pestmegyevoroskereszt.hu\/elsosegely\/informacio &nbsp;<\/p>\n","protected":false},"author":1,"featured_media":0,"parent":0,"menu_order":0,"comment_status":"closed","ping_status":"closed","template":"","meta":{"jetpack_post_was_ever_published":false,"footnotes":""},"jetpack_sharing_enabled":true,"jetpack_shortlink":"https:\/\/wp.me\/P9u18y-29","jetpack_likes_enabled":true,"jetpack-related-posts":[],"_links":{"self":[{"href":"http:\/\/sikk2004.hu\/index.php\/wp-json\/wp\/v2\/pages\/133"}],"collection":[{"href":"http:\/\/sikk2004.hu\/index.php\/wp-json\/wp\/v2\/pages"}],"about":[{"href":"http:\/\/sikk2004.hu\/index.php\/wp-json\/wp\/v2\/types\/page"}],"author":[{"embeddable":true,"href":"http:\/\/sikk2004.hu\/index.php\/wp-json\/wp\/v2\/users\/1"}],"replies":[{"embeddable":true,"href":"http:\/\/sikk2004.hu\/index.php\/wp-json\/wp\/v2\/comments?post=133"}],"version-history":[{"count":13,"href":"http:\/\/sikk2004.hu\/index.php\/wp-json\/wp\/v2\/pages\/133\/revisions"}],"predecessor-version":[{"id":312,"href":"http:\/\/sikk2004.hu\/index.php\/wp-json\/wp\/v2\/pages\/133\/revisions\/312"}],"wp:attachment":[{"href":"http:\/\/sikk2004.hu\/index.php\/wp-json\/wp\/v2\/media?parent=133"}],"curies":[{"name":"wp","href":"https:\/\/api.w.org\/{rel}","templated":true}]}}