{"id":12,"date":"2016-09-14T22:18:02","date_gmt":"2016-09-14T22:18:02","guid":{"rendered":"http:\/\/sikk2004.hu\/?page_id=12"},"modified":"2020-02-20T19:40:59","modified_gmt":"2020-02-20T19:40:59","slug":"elerhetosegeink","status":"publish","type":"page","link":"http:\/\/sikk2004.hu\/index.php\/elerhetosegeink\/","title":{"rendered":"El\u00e9rhet\u0151s\u00e9geink"},"content":{"rendered":"<p>Tanfolyamainkra jelentkezni lehet:<\/p>\n<p><strong>06-20-99-10-940<\/strong><\/p>\n<p>(\u00e1lland\u00f3 telefon\u00fcgyelet)<\/p>\n<p>emailben:<\/p>\n<p><a href=\"mailto:info@sikk2004.hu\">info@sikk2004.hu<\/a><\/p>\n<p>&nbsp;<\/p>\n<p><strong>Irodai \u00fcgyf\u00e9lfogad\u00e1s:<\/strong><\/p>\n<p>1213 Budapest Juharos u 19.<\/p>\n<p>&nbsp;<\/p>\n<p><strong>H\u00e9tf\u0151n:<\/strong> 17.00-20.00 \u00f3r\u00e1ig<\/p>\n<p><strong>P\u00e9nteken:<\/strong> 15.00-20.00 \u00f3r\u00e1ig<\/p>\n<p>munkanapokon<\/p>\n<p>&nbsp;<\/p>\n<p>&nbsp;<\/p>\n<p><strong>el\u0151zetes id\u0151pont egyeztet\u00e9s alapj\u00e1n, <\/strong><\/p>\n<p><strong>m\u00e1s id\u0151pontban is rendelkez\u00e9s\u00e9re \u00e1llunk:<\/strong><\/p>\n<p><strong>1211 Budapest Kiss J\u00e1nos alt\u00e1bornagy u 55 fszt. (tanterem)<\/strong><\/p>\n<p><iframe loading=\"lazy\" src=\"https:\/\/www.google.com\/maps\/embed?pb=!1m18!1m12!1m3!1d2699.118520811976!2d19.069022715832556!3d47.42913070821346!2m3!1f0!2f0!3f0!3m2!1i1024!2i768!4f13.1!3m3!1m2!1s0x4741e7f149aecf21%3A0x5dce5754b506440e!2sBudapest%2C+Kiss+J%C3%A1nos+alt%C3%A1rbornagy+utca+55%2C+1211!5e0!3m2!1shu!2shu!4v1516625392644\" style=\"border:0\" allowfullscreen=\"\" width=\"600\" height=\"450\" frameborder=\"0\"><\/iframe><br>\n&nbsp;<\/p>\n\n<a href=\"http:\/\/sikk2004.hu\/wp-content\/uploads\/2020\/02\/Oktatok-es-jarmuvek-20200215.pdf\" class=\"pdfemb-viewer\" style=\"\" data-width=\"max\" data-height=\"max\" data-toolbar=\"bottom\" data-toolbar-fixed=\"off\">Oktatok-es-jarmuvek-20200215<\/a>\n<p class=\"wp-block-pdfemb-pdf-embedder-viewer\"><\/p>\n\n\n<a href=\"http:\/\/sikk2004.hu\/wp-content\/uploads\/2020\/02\/aszf2020.pdf\" class=\"pdfemb-viewer\" style=\"\" data-width=\"max\" data-height=\"max\" data-toolbar=\"bottom\" data-toolbar-fixed=\"off\">aszf2020<\/a>\n<p class=\"wp-block-pdfemb-pdf-embedder-viewer\"><\/p>\n","protected":false},"excerpt":{"rendered":"<p>Tanfolyamainkra jelentkezni lehet: 06-20-99-10-940 (\u00e1lland\u00f3 telefon\u00fcgyelet) emailben: info@sikk2004.hu &nbsp; Irodai \u00fcgyf\u00e9lfogad\u00e1s: 1213 Budapest Juharos u 19. &nbsp; H\u00e9tf\u0151n: 17.00-20.00 \u00f3r\u00e1ig P\u00e9nteken: 15.00-20.00 \u00f3r\u00e1ig munkanapokon &nbsp; &nbsp; el\u0151zetes id\u0151pont egyeztet\u00e9s alapj\u00e1n, m\u00e1s id\u0151pontban is rendelkez\u00e9s\u00e9re \u00e1llunk: 1211 Budapest Kiss J\u00e1nos alt\u00e1bornagy u 55 fszt. (tanterem) &nbsp;<\/p>\n","protected":false},"author":1,"featured_media":0,"parent":0,"menu_order":0,"comment_status":"closed","ping_status":"closed","template":"","meta":{"jetpack_post_was_ever_published":false,"footnotes":""},"jetpack_sharing_enabled":true,"jetpack_shortlink":"https:\/\/wp.me\/P9u18y-c","jetpack_likes_enabled":true,"jetpack-related-posts":[],"_links":{"self":[{"href":"http:\/\/sikk2004.hu\/index.php\/wp-json\/wp\/v2\/pages\/12"}],"collection":[{"href":"http:\/\/sikk2004.hu\/index.php\/wp-json\/wp\/v2\/pages"}],"about":[{"href":"http:\/\/sikk2004.hu\/index.php\/wp-json\/wp\/v2\/types\/page"}],"author":[{"embeddable":true,"href":"http:\/\/sikk2004.hu\/index.php\/wp-json\/wp\/v2\/users\/1"}],"replies":[{"embeddable":true,"href":"http:\/\/sikk2004.hu\/index.php\/wp-json\/wp\/v2\/comments?post=12"}],"version-history":[{"count":6,"href":"http:\/\/sikk2004.hu\/index.php\/wp-json\/wp\/v2\/pages\/12\/revisions"}],"predecessor-version":[{"id":77,"href":"http:\/\/sikk2004.hu\/index.php\/wp-json\/wp\/v2\/pages\/12\/revisions\/77"}],"wp:attachment":[{"href":"http:\/\/sikk2004.hu\/index.php\/wp-json\/wp\/v2\/media?parent=12"}],"curies":[{"name":"wp","href":"https:\/\/api.w.org\/{rel}","templated":true}]}}