{"id":104,"date":"2018-02-15T21:25:59","date_gmt":"2018-02-15T21:25:59","guid":{"rendered":"http:\/\/sikk2004.hu\/?page_id=104"},"modified":"2020-02-27T14:07:42","modified_gmt":"2020-02-27T14:07:42","slug":"nkh-vizsgabazis","status":"publish","type":"page","link":"http:\/\/sikk2004.hu\/index.php\/nkh-vizsgabazis\/","title":{"rendered":"KAV Szem\u00e9lyi Vizsgab\u00e1zis"},"content":{"rendered":"<h1>Tudnival\u00f3k a vizsg\u00e1z\u00e1shoz\/jogos\u00edtv\u00e1ny ki\u00e1ll\u00edt\u00e1s\u00e1hoz<\/h1>\n<h2>Elm\u00e9leti vizsga:<\/h2>\n<p>Iskol\u00e1nkn\u00e1l, egy\u00e9ni id\u0151pont egyeztet\u00e9s alapj\u00e1n, el\u0151re befizetett vizsgad\u00edj ellen\u00e9ben lehet a vizsg\u00e1n r\u00e9szt venni.<\/p>\n<p>Az elm\u00e9leti tanfolyam kezdet\u00e9t\u0151l sz\u00e1m\u00edtva, <strong>9 h\u00f3nap<\/strong>on bel\u00fcl kell megjelennie az els\u0151 elm\u00e9leti vizsg\u00e1n. Amennyiben a vizsg\u00e1ja sikertelen, m\u00e9g 3 h\u00f3nap \u00e1ll rendelkez\u00e9s\u00e9re, hogy ezen bel\u00fcl sikeres vizsg\u00e1t tegyen. Az <strong>egy \u00e9v <\/strong>letelt\u00e9vel a k\u00e9pz\u00e9s\u00e9t meg kell ism\u00e9telnie, ha jogos\u00edtv\u00e1nyt szeretne szerezni.<\/p>\n<p>A vizsg\u00e1ra \u00e9rv\u00e9nyes, eredeti szem\u00e9lyes iratokat kell mag\u00e1val vinnie:<\/p>\n<ul>\n<li>szem\u00e9lyi igazolv\u00e1ny \/ \u00fatlev\u00e9l,<\/li>\n<li>lakc\u00edmk\u00e1rtya,<\/li>\n<li>8 \u00e1ltal\u00e1nos vagy enn\u00e9l magasabb \u00e1llami iskolai v\u00e9gzetts\u00e9get igazol\u00f3 eredeti bizony\u00edtv\u00e1ny,<\/li>\n<li>amennyiben m\u00e1r rendelkezik jogos\u00edtv\u00e1nnyal vagy j\u00e1rm\u0171vezet\u0151i enged\u00e9llyel, azt az Iskol\u00e1n\u00e1l a beiratkoz\u00e1s alkalm\u00e1val \u00e9s a vizsg\u00e1n is be kell mutatnia<\/li>\n<\/ul>\n<p><strong>Elm\u00e9leti vizsga helye:<br \/>\n<\/strong><\/p>\n<p>KAV Szem\u00e9lyi Vizsgab\u00e1zis<\/p>\n<p>2310 Szigetszentmikl\u00f3s Csepeli \u00fat 180\/6. hrsz.<\/p>\n<p><iframe loading=\"lazy\" style=\"border: 0;\" src=\"https:\/\/www.google.com\/maps\/embed?pb=!1m14!1m8!1m3!1d1910.1376913350264!2d19.05032574361435!3d47.38574736434705!3m2!1i1024!2i768!4f13.1!3m3!1m2!1s0x0%3A0x402f18c58a907bec!2zU3ppZ2V0c3plbnRtaWtsw7NzaSBKw6FybcWxdmV6ZXTFkSBWaXpzZ8OhenRhdMOhc2kgQ3NvcG9ydA!5e0!3m2!1shu!2shu!4v1582807984343!5m2!1shu!2shu\" width=\"600\" height=\"450\" frameborder=\"0\" allowfullscreen=\"allowfullscreen\"><\/iframe><\/p>\n<p><strong>\u00a0<\/strong><\/p>\n<p>A vizsgaid\u0151pont el\u0151tt legal\u00e1bb 30 perccel \u00e9rkezzen, az adategyeztet\u00e9s z\u00f6kken\u0151mentes lebonyol\u00edt\u00e1sa \u00e9rdek\u00e9ben. A vizsgaid\u0151pontban a vizsga elkezd\u0151dik.<\/p>\n<p>Sz\u00e1m\u00edt\u00f3g\u00e9pes vizsga, \u00e9rint\u0151k\u00e9perny\u0151s sz\u00e1m\u00edt\u00f3g\u00e9peken t\u00f6rt\u00e9nik, amelyhez k\u00f6zpontilag gener\u00e1lt k\u00e9rd\u00e9s sorokat haszn\u00e1l a Hat\u00f3s\u00e1g.<\/p>\n<p><strong>Sikeres a vizsga<\/strong>, ha az el\u00e9rhet\u0151 75 pontb\u00f3l legal\u00e1bb <strong>65 pont<\/strong>ot el\u00e9r a vizsg\u00e1z\u00f3.<\/p>\n<h2>Gyakorlati vizsga<\/h2>\n<p>A sikeres elm\u00e9leti vizsg\u00e1t k\u00f6vet\u0151en kezdhet\u0151 meg a gyakorlati vezet\u00e9s.<\/p>\n<p>A sikeres elm\u00e9leti vizsga id\u0151pontj\u00e1t\u00f3l sz\u00e1m\u00edtva, <strong>2 \u00e9v<\/strong>ig \u00e9rv\u00e9nyes, eredm\u00e9nyes gyakorlati vizsg\u00e1t ezen id\u0151n bel\u00fcl lehet tenni.<\/p>\n<p>Vizsgaid\u0151pontot k\u00e9rni, a gyakorlati oktat\u00f3kon kereszt\u00fcl, egy\u00e9ni id\u0151pont egyeztet\u00e9s alapj\u00e1n, el\u0151re befizetett vizsgad\u00edj ellen\u00e9ben lehets\u00e9ges.<\/p>\n<p>A gyakorlati vizsga <strong>felt\u00e9tel<\/strong>e a gyakorlati oktat\u00e1s sor\u00e1n teljes\u00edtett legal\u00e1bb <strong>29 \u00f3ra<\/strong> \u00e9s legal\u00e1bb <strong>580 megtett km<\/strong>.<\/p>\n<p>A gyakorlati vizsg\u00e1k az elm\u00e9leti vizsga helysz\u00edn\u00e9r\u0151l indulnak (<strong>2310 Szigetszentmikl\u00f3s, Csepeli \u00fat hrsz:180\/a.<\/strong>)<\/p>\n<h2>Sikeres gyakorlati vizsg\u00e1t k\u00f6vet\u0151 \u00fcgyint\u00e9z\u00e9s, jogos\u00edtv\u00e1ny ki\u00e1ll\u00edt\u00e1s\u00e1nak \u00fcgyint\u00e9z\u00e9se:<\/h2>\n<p>Nem sz\u00fcks\u00e9ges a sikeres vizsga ut\u00e1n a K\u00f6zleked\u00e9si Hat\u00f3s\u00e1g \u00dcgyf\u00e9lszolg\u00e1lati Irod\u00e1j\u00e1ba bef\u00e1radnia.<\/p>\n<p>A vizsg\u00e1t k\u00f6vet\u0151 <strong>h\u00e1rom munkanap<\/strong> eltelt\u00e9vel az <strong>okm\u00e1nyirod\u00e1<\/strong>kn\u00e1l, illetve <strong>korm\u00e1nyablak<\/strong>okban int\u00e9zheti a vezet\u0151i enged\u00e9lye ki\u00e1ll\u00edt\u00e1s\u00e1t.<\/p>\n<p>\u00dcgyint\u00e9z\u00e9shez sz\u00fcks\u00e9ges:<\/p>\n<ul>\n<li>a szem\u00e9lyazonos\u00edt\u00f3 okm\u00e1ny,<\/li>\n<li>lakc\u00edmk\u00e1rtya,<\/li>\n<li>igazol\u00e1s a k\u00f6z\u00fati j\u00e1rm\u0171vezet\u0151 jel\u00f6ltek els\u0151seg\u00e9ly ny\u00fajt\u00e1si ismereteinek megszerz\u00e9s\u00e9r\u0151l, (E\u00dc k\u00e1rtya).<\/li>\n<li>orvosi alkalmass\u00e1gi igazol\u00e1s.<\/li>\n<\/ul>\n","protected":false},"excerpt":{"rendered":"<p>Tudnival\u00f3k a vizsg\u00e1z\u00e1shoz\/jogos\u00edtv\u00e1ny ki\u00e1ll\u00edt\u00e1s\u00e1hoz Elm\u00e9leti vizsga: Iskol\u00e1nkn\u00e1l, egy\u00e9ni id\u0151pont egyeztet\u00e9s alapj\u00e1n, el\u0151re befizetett vizsgad\u00edj ellen\u00e9ben lehet a vizsg\u00e1n r\u00e9szt venni. Az elm\u00e9leti tanfolyam kezdet\u00e9t\u0151l sz\u00e1m\u00edtva, 9 h\u00f3napon bel\u00fcl kell megjelennie az els\u0151 elm\u00e9leti vizsg\u00e1n. Amennyiben a vizsg\u00e1ja sikertelen, m\u00e9g 3 h\u00f3nap \u00e1ll rendelkez\u00e9s\u00e9re, hogy ezen bel\u00fcl sikeres vizsg\u00e1t tegyen. Az egy \u00e9v letelt\u00e9vel a k\u00e9pz\u00e9s\u00e9t &hellip; <a href=\"http:\/\/sikk2004.hu\/index.php\/nkh-vizsgabazis\/\" class=\"more-link\"><span class=\"screen-reader-text\">&#8222;KAV Szem\u00e9lyi Vizsgab\u00e1zis&#8221;<\/span> b\u0151vebben<\/a><\/p>\n","protected":false},"author":1,"featured_media":0,"parent":0,"menu_order":0,"comment_status":"closed","ping_status":"closed","template":"","meta":{"jetpack_post_was_ever_published":false,"footnotes":""},"jetpack_sharing_enabled":true,"jetpack_shortlink":"https:\/\/wp.me\/P9u18y-1G","jetpack_likes_enabled":true,"jetpack-related-posts":[],"_links":{"self":[{"href":"http:\/\/sikk2004.hu\/index.php\/wp-json\/wp\/v2\/pages\/104"}],"collection":[{"href":"http:\/\/sikk2004.hu\/index.php\/wp-json\/wp\/v2\/pages"}],"about":[{"href":"http:\/\/sikk2004.hu\/index.php\/wp-json\/wp\/v2\/types\/page"}],"author":[{"embeddable":true,"href":"http:\/\/sikk2004.hu\/index.php\/wp-json\/wp\/v2\/users\/1"}],"replies":[{"embeddable":true,"href":"http:\/\/sikk2004.hu\/index.php\/wp-json\/wp\/v2\/comments?post=104"}],"version-history":[{"count":6,"href":"http:\/\/sikk2004.hu\/index.php\/wp-json\/wp\/v2\/pages\/104\/revisions"}],"predecessor-version":[{"id":308,"href":"http:\/\/sikk2004.hu\/index.php\/wp-json\/wp\/v2\/pages\/104\/revisions\/308"}],"wp:attachment":[{"href":"http:\/\/sikk2004.hu\/index.php\/wp-json\/wp\/v2\/media?parent=104"}],"curies":[{"name":"wp","href":"https:\/\/api.w.org\/{rel}","templated":true}]}}